{"id":15,"date":"2021-08-19T11:49:10","date_gmt":"2021-08-19T11:49:10","guid":{"rendered":"https:\/\/modernshop.liquid-themes.com\/elementor\/?page_id=15"},"modified":"2023-10-10T15:32:01","modified_gmt":"2023-10-10T15:32:01","slug":"homepage","status":"publish","type":"page","link":"https:\/\/concamin.comenor.org.mx\/","title":{"rendered":"Concamin &#8211; Cursos"},"content":{"rendered":"\t\t<div data-elementor-type=\"wp-page\" data-elementor-id=\"15\" class=\"elementor elementor-15\">\n\t\t\t\t\t\t\t<div class=\"elementor-element elementor-element-6c10d84 elementor-hidden-desktop elementor-hidden-tablet e-con-boxed e-con\" data-id=\"6c10d84\" data-element_type=\"container\" data-settings=\"{&quot;background_background&quot;:&quot;video&quot;,&quot;background_video_link&quot;:&quot;https:\\\/\\\/www.youtube.com\\\/watch?v=2Mha2Yv7h38&amp;ab_channel=COMRAD&quot;,&quot;background_play_on_mobile&quot;:&quot;yes&quot;,&quot;content_width&quot;:&quot;boxed&quot;}\">\n\t\t\t\t\t<div class=\"e-con-inner\">\n\t\t<div class=\"elementor-background-video-container\">\n\t\t\t\t\t\t\t<div class=\"elementor-background-video-embed\"><\/div>\n\t\t\t\t\t\t<\/div>\t\t<div class=\"elementor-element elementor-element-65abc2a elementor-widget elementor-widget-text-editor\" data-id=\"65abc2a\" data-element_type=\"widget\" data-widget_type=\"text-editor.default\">\n\t\t\t\t<div class=\"elementor-widget-container\">\n\t\t\t<style>\/*! elementor - v3.12.2 - 23-04-2023 *\/\n.elementor-widget-text-editor.elementor-drop-cap-view-stacked .elementor-drop-cap{background-color:#69727d;color:#fff}.elementor-widget-text-editor.elementor-drop-cap-view-framed .elementor-drop-cap{color:#69727d;border:3px solid;background-color:transparent}.elementor-widget-text-editor:not(.elementor-drop-cap-view-default) .elementor-drop-cap{margin-top:8px}.elementor-widget-text-editor:not(.elementor-drop-cap-view-default) .elementor-drop-cap-letter{width:1em;height:1em}.elementor-widget-text-editor .elementor-drop-cap{float:left;text-align:center;line-height:1;font-size:50px}.elementor-widget-text-editor .elementor-drop-cap-letter{display:inline-block}<\/style>\t\t\t\t<p>Bienvenido a la oferta de cursos que\u00a0<strong>CONCAMIN<\/strong>\u00a0le brinda a su membres\u00eda y p\u00fablico en general<\/p>\t\t\t\t\t\t<\/div>\n\t\t\t\t<\/div>\n\t\t\t\t<div class=\"elementor-element elementor-element-35411bf elementor-widget elementor-widget-image\" data-id=\"35411bf\" data-element_type=\"widget\" data-widget_type=\"image.default\">\n\t\t\t\t<div class=\"elementor-widget-container\">\n\t\t\t<style>\/*! elementor - v3.12.2 - 23-04-2023 *\/\n.elementor-widget-image{text-align:center}.elementor-widget-image a{display:inline-block}.elementor-widget-image a img[src$=\".svg\"]{width:48px}.elementor-widget-image img{vertical-align:middle;display:inline-block}<\/style>\t\t\t\t\t\t\t\t\t\t\t\t<img decoding=\"async\" width=\"592\" height=\"356\" src=\"https:\/\/concamin.comenor.org.mx\/wp-content\/uploads\/2021\/08\/concamin.png\" class=\"attachment-large size-large wp-image-6060\" alt=\"\" srcset=\"https:\/\/concamin.comenor.org.mx\/wp-content\/uploads\/2021\/08\/concamin.png 592w, https:\/\/concamin.comenor.org.mx\/wp-content\/uploads\/2021\/08\/concamin-300x180.png 300w\" sizes=\"(max-width: 592px) 100vw, 592px\" \/>\t\t\t\t\t\t\t\t\t\t\t\t\t\t\t<\/div>\n\t\t\t\t<\/div>\n\t\t\t\t\t<\/div>\n\t\t\t\t<\/div>\n\t\t<div class=\"elementor-element elementor-element-5e0c4c8 elementor-hidden-tablet elementor-hidden-mobile e-con-boxed e-con\" data-id=\"5e0c4c8\" data-element_type=\"container\" data-settings=\"{&quot;background_background&quot;:&quot;video&quot;,&quot;background_video_link&quot;:&quot;https:\\\/\\\/www.youtube.com\\\/watch?v=2Mha2Yv7h38&amp;ab_channel=COMRAD&quot;,&quot;background_play_on_mobile&quot;:&quot;yes&quot;,&quot;content_width&quot;:&quot;boxed&quot;}\">\n\t\t\t\t\t<div class=\"e-con-inner\">\n\t\t<div class=\"elementor-background-video-container\">\n\t\t\t\t\t\t\t<div class=\"elementor-background-video-embed\"><\/div>\n\t\t\t\t\t\t<\/div>\t\t<div class=\"elementor-element elementor-element-7366609 elementor-widget elementor-widget-spacer\" data-id=\"7366609\" data-element_type=\"widget\" data-widget_type=\"spacer.default\">\n\t\t\t\t<div class=\"elementor-widget-container\">\n\t\t\t<style>\/*! elementor - v3.12.2 - 23-04-2023 *\/\n.elementor-column .elementor-spacer-inner{height:var(--spacer-size)}.e-con{--container-widget-width:100%}.e-con-inner>.elementor-widget-spacer,.e-con>.elementor-widget-spacer{width:var(--container-widget-width,var(--spacer-size));--align-self:var(--container-widget-align-self,initial);--flex-shrink:0}.e-con-inner>.elementor-widget-spacer>.elementor-widget-container,.e-con-inner>.elementor-widget-spacer>.elementor-widget-container>.elementor-spacer,.e-con>.elementor-widget-spacer>.elementor-widget-container,.e-con>.elementor-widget-spacer>.elementor-widget-container>.elementor-spacer{height:100%}.e-con-inner>.elementor-widget-spacer>.elementor-widget-container>.elementor-spacer>.elementor-spacer-inner,.e-con>.elementor-widget-spacer>.elementor-widget-container>.elementor-spacer>.elementor-spacer-inner{height:var(--container-widget-height,var(--spacer-size))}<\/style>\t\t<div class=\"elementor-spacer\">\n\t\t\t<div class=\"elementor-spacer-inner\"><\/div>\n\t\t<\/div>\n\t\t\t\t<\/div>\n\t\t\t\t<\/div>\n\t\t\t\t<div class=\"elementor-element elementor-element-8fc3732 elementor-widget elementor-widget-text-editor\" data-id=\"8fc3732\" data-element_type=\"widget\" data-widget_type=\"text-editor.default\">\n\t\t\t\t<div class=\"elementor-widget-container\">\n\t\t\t\t\t\t\t<p><span style=\"color: #ffffff;\">Bienvenido a la oferta de cursos que <strong>CONCAMIN<\/strong> le brinda a su membres\u00eda y p\u00fablico en general<\/span><\/p><p><img decoding=\"async\" class=\"alignnone size-full wp-image-6201\" src=\"http:\/\/concamin.comenor.org.mx\/wp-content\/uploads\/2023\/05\/concamin-logo-C98766513D-seeklogo.com_.png\" alt=\"\" width=\"300\" height=\"195\" \/><\/p>\t\t\t\t\t\t<\/div>\n\t\t\t\t<\/div>\n\t\t\t\t\t<\/div>\n\t\t\t\t<\/div>\n\t\t<div class=\"elementor-element elementor-element-43b37ec e-con-boxed e-con\" data-id=\"43b37ec\" data-element_type=\"container\" data-settings=\"{&quot;content_width&quot;:&quot;boxed&quot;}\">\n\t\t\t\t\t<div class=\"e-con-inner\">\n\t\t\t\t<div class=\"elementor-element elementor-element-0294853 elementor-widget elementor-widget-text-editor\" data-id=\"0294853\" data-element_type=\"widget\" id=\"concamin\" data-widget_type=\"text-editor.default\">\n\t\t\t\t<div class=\"elementor-widget-container\">\n\t\t\t\t\t\t\t<p style=\"text-align: center;\"><strong><span style=\"color: #008000; font-size: 24px;\">CONCAMIN<\/span><\/strong><\/p>\t\t\t\t\t\t<\/div>\n\t\t\t\t<\/div>\n\t\t\t\t<div class=\"elementor-element elementor-element-a1588ed elementor-arrows-position-inside elementor-pagination-position-outside elementor-widget elementor-widget-image-carousel\" data-id=\"a1588ed\" data-element_type=\"widget\" id=\"concamin\" data-settings=\"{&quot;slides_to_show&quot;:&quot;3&quot;,&quot;slides_to_scroll&quot;:&quot;3&quot;,&quot;image_spacing_custom&quot;:{&quot;unit&quot;:&quot;px&quot;,&quot;size&quot;:28,&quot;sizes&quot;:[]},&quot;slides_to_show_mobile&quot;:&quot;2&quot;,&quot;navigation&quot;:&quot;both&quot;,&quot;autoplay&quot;:&quot;yes&quot;,&quot;pause_on_hover&quot;:&quot;yes&quot;,&quot;pause_on_interaction&quot;:&quot;yes&quot;,&quot;autoplay_speed&quot;:5000,&quot;infinite&quot;:&quot;yes&quot;,&quot;speed&quot;:500,&quot;image_spacing_custom_tablet&quot;:{&quot;unit&quot;:&quot;px&quot;,&quot;size&quot;:&quot;&quot;,&quot;sizes&quot;:[]},&quot;image_spacing_custom_mobile&quot;:{&quot;unit&quot;:&quot;px&quot;,&quot;size&quot;:&quot;&quot;,&quot;sizes&quot;:[]}}\" data-widget_type=\"image-carousel.default\">\n\t\t\t\t<div class=\"elementor-widget-container\">\n\t\t\t<style>\/*! elementor - v3.12.2 - 23-04-2023 *\/\n.elementor-widget-image-carousel .swiper,.elementor-widget-image-carousel .swiper-container{position:static}.elementor-widget-image-carousel .swiper-container .swiper-slide figure,.elementor-widget-image-carousel .swiper .swiper-slide figure{line-height:inherit}.elementor-widget-image-carousel .swiper-slide{text-align:center}.elementor-image-carousel-wrapper:not(.swiper-container-initialized) .swiper-slide,.elementor-image-carousel-wrapper:not(.swiper-initialized) .swiper-slide{max-width:calc(100% \/ var(--e-image-carousel-slides-to-show, 3))}<\/style>\t\t<div class=\"elementor-image-carousel-wrapper swiper\" dir=\"ltr\">\n\t\t\t<div class=\"elementor-image-carousel swiper-wrapper\">\n\t\t\t\t\t\t\t\t<div class=\"swiper-slide\"><a href=\"https:\/\/concamin.comenor.org.mx\/index.php\/cumplimiento-con-la-ley-de-federal-de-competencia\/,https:\/\/concamin.comenor.org.mx\/index.php\/ciberseguridad-para-la-empresa-enfoques-tecnico-y-juridico\/,https:\/\/concamin.comenor.org.mx\/index.php\/reglas-de-origen-y-procedimientos-de-origen-en-los-tlcs\/,https:\/\/concamin.comenor.org.mx\/index.php\/acelera-japon,https:\/\/concamin.comenor.org.mx\/index.php\/capacitacion-esg\/\" target=\"_blank\"><figure class=\"swiper-slide-inner\"><img decoding=\"async\" class=\"swiper-slide-image\" src=\"https:\/\/concamin.comenor.org.mx\/wp-content\/uploads\/2023\/05\/1.jpg\" alt=\"1\" \/><\/figure><\/a><\/div><div class=\"swiper-slide\"><a href=\"https:\/\/concamin.comenor.org.mx\/index.php\/cumplimiento-con-la-ley-de-federal-de-competencia\/,https:\/\/concamin.comenor.org.mx\/index.php\/ciberseguridad-para-la-empresa-enfoques-tecnico-y-juridico\/,https:\/\/concamin.comenor.org.mx\/index.php\/reglas-de-origen-y-procedimientos-de-origen-en-los-tlcs\/,https:\/\/concamin.comenor.org.mx\/index.php\/acelera-japon,https:\/\/concamin.comenor.org.mx\/index.php\/capacitacion-esg\/\" target=\"_blank\"><figure class=\"swiper-slide-inner\"><img decoding=\"async\" class=\"swiper-slide-image\" src=\"https:\/\/concamin.comenor.org.mx\/wp-content\/uploads\/2023\/05\/2-2.jpg\" alt=\"2\" \/><\/figure><\/a><\/div><div class=\"swiper-slide\"><a href=\"https:\/\/concamin.comenor.org.mx\/index.php\/cumplimiento-con-la-ley-de-federal-de-competencia\/,https:\/\/concamin.comenor.org.mx\/index.php\/ciberseguridad-para-la-empresa-enfoques-tecnico-y-juridico\/,https:\/\/concamin.comenor.org.mx\/index.php\/reglas-de-origen-y-procedimientos-de-origen-en-los-tlcs\/,https:\/\/concamin.comenor.org.mx\/index.php\/acelera-japon,https:\/\/concamin.comenor.org.mx\/index.php\/capacitacion-esg\/\" target=\"_blank\"><figure class=\"swiper-slide-inner\"><img decoding=\"async\" class=\"swiper-slide-image\" src=\"https:\/\/concamin.comenor.org.mx\/wp-content\/uploads\/2023\/07\/Captura-de-Pantalla-2023-07-25-a-las-16.46.54.png\" alt=\"Captura de Pantalla 2023-07-25 a la(s) 16.46.54\" \/><\/figure><\/a><\/div><div class=\"swiper-slide\"><a href=\"https:\/\/concamin.comenor.org.mx\/index.php\/cumplimiento-con-la-ley-de-federal-de-competencia\/,https:\/\/concamin.comenor.org.mx\/index.php\/ciberseguridad-para-la-empresa-enfoques-tecnico-y-juridico\/,https:\/\/concamin.comenor.org.mx\/index.php\/reglas-de-origen-y-procedimientos-de-origen-en-los-tlcs\/,https:\/\/concamin.comenor.org.mx\/index.php\/acelera-japon,https:\/\/concamin.comenor.org.mx\/index.php\/capacitacion-esg\/\" target=\"_blank\"><figure class=\"swiper-slide-inner\"><img decoding=\"async\" class=\"swiper-slide-image\" src=\"https:\/\/concamin.comenor.org.mx\/wp-content\/uploads\/2023\/08\/concamin.comenor.org_.m.jpg\" alt=\"concamin.comenor.org.m\" \/><\/figure><\/a><\/div><div class=\"swiper-slide\"><a href=\"https:\/\/concamin.comenor.org.mx\/index.php\/cumplimiento-con-la-ley-de-federal-de-competencia\/,https:\/\/concamin.comenor.org.mx\/index.php\/ciberseguridad-para-la-empresa-enfoques-tecnico-y-juridico\/,https:\/\/concamin.comenor.org.mx\/index.php\/reglas-de-origen-y-procedimientos-de-origen-en-los-tlcs\/,https:\/\/concamin.comenor.org.mx\/index.php\/acelera-japon,https:\/\/concamin.comenor.org.mx\/index.php\/capacitacion-esg\/\" target=\"_blank\"><figure class=\"swiper-slide-inner\"><img decoding=\"async\" class=\"swiper-slide-image\" src=\"https:\/\/concamin.comenor.org.mx\/wp-content\/uploads\/2023\/08\/Captura-de-Pantalla-2023-08-10-a-las-12.05.06.png\" alt=\"Captura de Pantalla 2023-08-10 a la(s) 12.05.06\" \/><\/figure><\/a><\/div>\t\t\t<\/div>\n\t\t\t\t\t\t\t\t\t\t\t\t<div class=\"swiper-pagination\"><\/div>\n\t\t\t\t\t\t\t\t\t\t\t\t\t<div class=\"elementor-swiper-button elementor-swiper-button-prev\">\n\t\t\t\t\t\t<i aria-hidden=\"true\" class=\"eicon-chevron-left\"><\/i>\t\t\t\t\t\t<span class=\"elementor-screen-only\">Previo<\/span>\n\t\t\t\t\t<\/div>\n\t\t\t\t\t<div class=\"elementor-swiper-button elementor-swiper-button-next\">\n\t\t\t\t\t\t<i aria-hidden=\"true\" class=\"eicon-chevron-right\"><\/i>\t\t\t\t\t\t<span class=\"elementor-screen-only\">Siguiente<\/span>\n\t\t\t\t\t<\/div>\n\t\t\t\t\t\t\t\t\t<\/div>\n\t\t\t\t<\/div>\n\t\t\t\t<\/div>\n\t\t\t\t\t<\/div>\n\t\t\t\t<\/div>\n\t\t<div class=\"elementor-element elementor-element-8284742 e-con-boxed e-con\" data-id=\"8284742\" data-element_type=\"container\" data-settings=\"{&quot;content_width&quot;:&quot;boxed&quot;}\">\n\t\t\t\t\t<div class=\"e-con-inner\">\n\t\t\t\t<div class=\"elementor-element elementor-element-8b16dc0 elementor-widget elementor-widget-text-editor\" data-id=\"8b16dc0\" data-element_type=\"widget\" id=\"comenor\" data-widget_type=\"text-editor.default\">\n\t\t\t\t<div class=\"elementor-widget-container\">\n\t\t\t\t\t\t\t<p style=\"text-align: center;\"><span style=\"color: #800000;\"><strong><span style=\"font-size: 24px;\">COMENOR<\/span><\/strong><\/span><\/p>\t\t\t\t\t\t<\/div>\n\t\t\t\t<\/div>\n\t\t\t\t<div class=\"elementor-element elementor-element-ab68ad7 elementor-arrows-position-inside elementor-pagination-position-outside elementor-widget elementor-widget-image-carousel\" data-id=\"ab68ad7\" data-element_type=\"widget\" id=\"comenor\" data-settings=\"{&quot;slides_to_show&quot;:&quot;3&quot;,&quot;slides_to_scroll&quot;:&quot;3&quot;,&quot;image_spacing_custom&quot;:{&quot;unit&quot;:&quot;px&quot;,&quot;size&quot;:28,&quot;sizes&quot;:[]},&quot;slides_to_show_mobile&quot;:&quot;2&quot;,&quot;navigation&quot;:&quot;both&quot;,&quot;autoplay&quot;:&quot;yes&quot;,&quot;pause_on_hover&quot;:&quot;yes&quot;,&quot;pause_on_interaction&quot;:&quot;yes&quot;,&quot;autoplay_speed&quot;:5000,&quot;infinite&quot;:&quot;yes&quot;,&quot;speed&quot;:500,&quot;image_spacing_custom_tablet&quot;:{&quot;unit&quot;:&quot;px&quot;,&quot;size&quot;:&quot;&quot;,&quot;sizes&quot;:[]},&quot;image_spacing_custom_mobile&quot;:{&quot;unit&quot;:&quot;px&quot;,&quot;size&quot;:&quot;&quot;,&quot;sizes&quot;:[]}}\" data-widget_type=\"image-carousel.default\">\n\t\t\t\t<div class=\"elementor-widget-container\">\n\t\t\t\t\t<div class=\"elementor-image-carousel-wrapper swiper\" dir=\"ltr\">\n\t\t\t<div class=\"elementor-image-carousel swiper-wrapper\">\n\t\t\t\t\t\t\t\t<div class=\"swiper-slide\"><a href=\"https:\/\/concamin.comenor.org.mx\/index.php\/sistemas-de-gestion\/,https:\/\/concamin.comenor.org.mx\/index.php\/factual-services\/,https:\/\/concamin.comenor.org.mx\/index.php\/ance\/,https:\/\/concamin.comenor.org.mx\/index.php\/trazando-la-ruta-de-la-estandarizacion-para-la-industria-4-0-en-alemania\/\" target=\"_blank\"><figure class=\"swiper-slide-inner\"><img decoding=\"async\" class=\"swiper-slide-image\" src=\"https:\/\/concamin.comenor.org.mx\/wp-content\/uploads\/2023\/10\/7.jpg\" alt=\"7\" \/><\/figure><\/a><\/div><div class=\"swiper-slide\"><a href=\"https:\/\/concamin.comenor.org.mx\/index.php\/sistemas-de-gestion\/,https:\/\/concamin.comenor.org.mx\/index.php\/factual-services\/,https:\/\/concamin.comenor.org.mx\/index.php\/ance\/,https:\/\/concamin.comenor.org.mx\/index.php\/trazando-la-ruta-de-la-estandarizacion-para-la-industria-4-0-en-alemania\/\" target=\"_blank\"><figure class=\"swiper-slide-inner\"><img decoding=\"async\" class=\"swiper-slide-image\" src=\"https:\/\/concamin.comenor.org.mx\/wp-content\/uploads\/2023\/10\/6.jpg\" alt=\"6\" \/><\/figure><\/a><\/div><div class=\"swiper-slide\"><a href=\"https:\/\/concamin.comenor.org.mx\/index.php\/sistemas-de-gestion\/,https:\/\/concamin.comenor.org.mx\/index.php\/factual-services\/,https:\/\/concamin.comenor.org.mx\/index.php\/ance\/,https:\/\/concamin.comenor.org.mx\/index.php\/trazando-la-ruta-de-la-estandarizacion-para-la-industria-4-0-en-alemania\/\" target=\"_blank\"><figure class=\"swiper-slide-inner\"><img decoding=\"async\" class=\"swiper-slide-image\" src=\"https:\/\/concamin.comenor.org.mx\/wp-content\/uploads\/2023\/10\/8.jpg\" alt=\"8\" \/><\/figure><\/a><\/div><div class=\"swiper-slide\"><a href=\"https:\/\/concamin.comenor.org.mx\/index.php\/sistemas-de-gestion\/,https:\/\/concamin.comenor.org.mx\/index.php\/factual-services\/,https:\/\/concamin.comenor.org.mx\/index.php\/ance\/,https:\/\/concamin.comenor.org.mx\/index.php\/trazando-la-ruta-de-la-estandarizacion-para-la-industria-4-0-en-alemania\/\" target=\"_blank\"><figure class=\"swiper-slide-inner\"><img decoding=\"async\" class=\"swiper-slide-image\" src=\"https:\/\/concamin.comenor.org.mx\/wp-content\/uploads\/2023\/08\/Captura-de-Pantalla-2023-08-31-a-las-11.09.03.png\" alt=\"Captura de Pantalla 2023-08-31 a la(s) 11.09.03\" \/><\/figure><\/a><\/div>\t\t\t<\/div>\n\t\t\t\t\t\t\t\t\t\t\t\t<div class=\"swiper-pagination\"><\/div>\n\t\t\t\t\t\t\t\t\t\t\t\t\t<div class=\"elementor-swiper-button elementor-swiper-button-prev\">\n\t\t\t\t\t\t<i aria-hidden=\"true\" class=\"eicon-chevron-left\"><\/i>\t\t\t\t\t\t<span class=\"elementor-screen-only\">Previo<\/span>\n\t\t\t\t\t<\/div>\n\t\t\t\t\t<div class=\"elementor-swiper-button elementor-swiper-button-next\">\n\t\t\t\t\t\t<i aria-hidden=\"true\" class=\"eicon-chevron-right\"><\/i>\t\t\t\t\t\t<span class=\"elementor-screen-only\">Siguiente<\/span>\n\t\t\t\t\t<\/div>\n\t\t\t\t\t\t\t\t\t<\/div>\n\t\t\t\t<\/div>\n\t\t\t\t<\/div>\n\t\t\t\t\t<\/div>\n\t\t\t\t<\/div>\n\t\t\t\t\t\t\t<\/div>\n\t\t","protected":false},"excerpt":{"rendered":"<p>Bienvenido a la oferta de cursos que\u00a0CONCAMIN\u00a0le brinda a su membres\u00eda y p\u00fablico en general Bienvenido a la oferta de cursos que CONCAMIN le brinda a su membres\u00eda y p\u00fablico en general CONCAMIN Previo Siguiente COMENOR Previo Siguiente<\/p>\n","protected":false},"author":1,"featured_media":0,"parent":0,"menu_order":0,"comment_status":"closed","ping_status":"closed","template":"","meta":{"footnotes":""},"_links":{"self":[{"href":"https:\/\/concamin.comenor.org.mx\/index.php\/wp-json\/wp\/v2\/pages\/15"}],"collection":[{"href":"https:\/\/concamin.comenor.org.mx\/index.php\/wp-json\/wp\/v2\/pages"}],"about":[{"href":"https:\/\/concamin.comenor.org.mx\/index.php\/wp-json\/wp\/v2\/types\/page"}],"author":[{"embeddable":true,"href":"https:\/\/concamin.comenor.org.mx\/index.php\/wp-json\/wp\/v2\/users\/1"}],"replies":[{"embeddable":true,"href":"https:\/\/concamin.comenor.org.mx\/index.php\/wp-json\/wp\/v2\/comments?post=15"}],"version-history":[{"count":198,"href":"https:\/\/concamin.comenor.org.mx\/index.php\/wp-json\/wp\/v2\/pages\/15\/revisions"}],"predecessor-version":[{"id":7227,"href":"https:\/\/concamin.comenor.org.mx\/index.php\/wp-json\/wp\/v2\/pages\/15\/revisions\/7227"}],"wp:attachment":[{"href":"https:\/\/concamin.comenor.org.mx\/index.php\/wp-json\/wp\/v2\/media?parent=15"}],"curies":[{"name":"wp","href":"https:\/\/api.w.org\/{rel}","templated":true}]}}