{"id":6373,"date":"2023-05-23T17:38:43","date_gmt":"2023-05-23T17:38:43","guid":{"rendered":"https:\/\/concamin.comenor.org.mx\/?post_type=product&#038;p=6373"},"modified":"2023-06-20T22:08:39","modified_gmt":"2023-06-20T22:08:39","slug":"ciberseguridad-para-la-empresa-enfoques-tecnico-y-juridico","status":"publish","type":"product","link":"https:\/\/concamin.comenor.org.mx\/index.php\/product\/ciberseguridad-para-la-empresa-enfoques-tecnico-y-juridico\/","title":{"rendered":"Ciberseguridad para la empresa: Enfoques t\u00e9cnico y jur\u00eddico -ID 003"},"content":{"rendered":"","protected":false},"excerpt":{"rendered":"<p><strong>Una vez que realices tu registro, a m\u00e1s tardar en 3 d\u00edas h\u00e1biles, te llegar\u00e1 un correo electr\u00f3nico (a la direcci\u00f3n que hayas registrado) de \u00a1Bienvenida! al curso con las indicaciones pertinentes.<\/strong><\/p>\n","protected":false},"featured_media":6376,"template":"","meta":[],"product_cat":[32],"product_tag":[],"_links":{"self":[{"href":"https:\/\/concamin.comenor.org.mx\/index.php\/wp-json\/wp\/v2\/product\/6373"}],"collection":[{"href":"https:\/\/concamin.comenor.org.mx\/index.php\/wp-json\/wp\/v2\/product"}],"about":[{"href":"https:\/\/concamin.comenor.org.mx\/index.php\/wp-json\/wp\/v2\/types\/product"}],"wp:featuredmedia":[{"embeddable":true,"href":"https:\/\/concamin.comenor.org.mx\/index.php\/wp-json\/wp\/v2\/media\/6376"}],"wp:attachment":[{"href":"https:\/\/concamin.comenor.org.mx\/index.php\/wp-json\/wp\/v2\/media?parent=6373"}],"wp:term":[{"taxonomy":"product_cat","embeddable":true,"href":"https:\/\/concamin.comenor.org.mx\/index.php\/wp-json\/wp\/v2\/product_cat?post=6373"},{"taxonomy":"product_tag","embeddable":true,"href":"https:\/\/concamin.comenor.org.mx\/index.php\/wp-json\/wp\/v2\/product_tag?post=6373"}],"curies":[{"name":"wp","href":"https:\/\/api.w.org\/{rel}","templated":true}]}}