{"id":6838,"date":"2023-07-26T19:58:12","date_gmt":"2023-07-26T19:58:12","guid":{"rendered":"https:\/\/concamin.comenor.org.mx\/?post_type=product&#038;p=6838"},"modified":"2023-10-05T22:52:00","modified_gmt":"2023-10-05T22:52:00","slug":"reglas-de-origen-y-procedimientos-de-origen-en-los-tlcs","status":"publish","type":"product","link":"https:\/\/concamin.comenor.org.mx\/index.php\/product\/reglas-de-origen-y-procedimientos-de-origen-en-los-tlcs\/","title":{"rendered":"Reglas de origen y procedimientos de origen en los TLCs &#8211; ID 004"},"content":{"rendered":"","protected":false},"excerpt":{"rendered":"<p><strong>Una vez que realices tu registro, a m\u00e1s tardar en 3 d\u00edas h\u00e1biles, te llegar\u00e1 un correo electr\u00f3nico (a la direcci\u00f3n que hayas registrado) de \u00a1Bienvenida! al curso con las indicaciones pertinentes.<\/strong><\/p>\n","protected":false},"featured_media":6816,"template":"","meta":[],"product_cat":[32],"product_tag":[],"_links":{"self":[{"href":"https:\/\/concamin.comenor.org.mx\/index.php\/wp-json\/wp\/v2\/product\/6838"}],"collection":[{"href":"https:\/\/concamin.comenor.org.mx\/index.php\/wp-json\/wp\/v2\/product"}],"about":[{"href":"https:\/\/concamin.comenor.org.mx\/index.php\/wp-json\/wp\/v2\/types\/product"}],"wp:featuredmedia":[{"embeddable":true,"href":"https:\/\/concamin.comenor.org.mx\/index.php\/wp-json\/wp\/v2\/media\/6816"}],"wp:attachment":[{"href":"https:\/\/concamin.comenor.org.mx\/index.php\/wp-json\/wp\/v2\/media?parent=6838"}],"wp:term":[{"taxonomy":"product_cat","embeddable":true,"href":"https:\/\/concamin.comenor.org.mx\/index.php\/wp-json\/wp\/v2\/product_cat?post=6838"},{"taxonomy":"product_tag","embeddable":true,"href":"https:\/\/concamin.comenor.org.mx\/index.php\/wp-json\/wp\/v2\/product_tag?post=6838"}],"curies":[{"name":"wp","href":"https:\/\/api.w.org\/{rel}","templated":true}]}}